{"id":4727,"date":"2025-02-27T08:15:45","date_gmt":"2025-02-27T08:15:45","guid":{"rendered":"https:\/\/theme.madsparrow.me\/fanky\/?page_id=4727"},"modified":"2026-04-29T13:33:42","modified_gmt":"2026-04-29T13:33:42","slug":"contact-2","status":"publish","type":"page","link":"https:\/\/laurinerobinn.xyz\/fr\/contact-2\/","title":{"rendered":"Contact"},"content":{"rendered":"<div data-elementor-type=\"wp-page\" data-elementor-id=\"4727\" class=\"elementor elementor-4727\">\n\t\t\t\t<div class=\"elementor-element elementor-element-2dfc7e8 e-flex e-con-boxed no no e-con e-parent\" data-id=\"2dfc7e8\" data-element_type=\"container\" data-e-type=\"container\">\n\t\t\t\t\t<div class=\"e-con-inner\">\n\t\t<div class=\"elementor-element elementor-element-30e6540 e-con-full e-flex no no e-con e-child\" data-id=\"30e6540\" data-element_type=\"container\" data-e-type=\"container\">\n\t\t<div class=\"elementor-element elementor-element-ebe663c e-con-full e-flex no no e-con e-child\" data-id=\"ebe663c\" data-element_type=\"container\" data-e-type=\"container\">\n\t\t\t\t<div class=\"elementor-element elementor-element-aaedc8e elementor-widget elementor-widget-heading\" data-id=\"aaedc8e\" data-element_type=\"widget\" data-e-type=\"widget\" data-widget_type=\"heading.default\">\n\t\t\t\t<div class=\"elementor-widget-container\">\n\t\t\t\t\t<h2 class=\"elementor-heading-title elementor-size-default\">Adresse :<\/h2>\t\t\t\t<\/div>\n\t\t\t\t<\/div>\n\t\t\t\t<div class=\"elementor-element elementor-element-785b60c elementor-widget elementor-widget-heading\" data-id=\"785b60c\" data-element_type=\"widget\" data-e-type=\"widget\" data-widget_type=\"heading.default\">\n\t\t\t\t<div class=\"elementor-widget-container\">\n\t\t\t\t\t<p class=\"elementor-heading-title elementor-size-default\">Bordeaux (France) & Bangkok (Tha\u00efland)<\/p>\t\t\t\t<\/div>\n\t\t\t\t<\/div>\n\t\t\t\t<\/div>\n\t\t<div class=\"elementor-element elementor-element-77efd3b e-con-full e-flex no no e-con e-child\" data-id=\"77efd3b\" data-element_type=\"container\" data-e-type=\"container\">\n\t\t\t\t<div class=\"elementor-element elementor-element-e989883 elementor-widget elementor-widget-heading\" data-id=\"e989883\" data-element_type=\"widget\" data-e-type=\"widget\" data-widget_type=\"heading.default\">\n\t\t\t\t<div class=\"elementor-widget-container\">\n\t\t\t\t\t<h2 class=\"elementor-heading-title elementor-size-default\">T\u00e9l\u00e9phone :<\/h2>\t\t\t\t<\/div>\n\t\t\t\t<\/div>\n\t\t\t\t<div class=\"elementor-element elementor-element-bf20e0a elementor-widget elementor-widget-heading\" data-id=\"bf20e0a\" data-element_type=\"widget\" data-e-type=\"widget\" data-widget_type=\"heading.default\">\n\t\t\t\t<div class=\"elementor-widget-container\">\n\t\t\t\t\t<p class=\"elementor-heading-title elementor-size-default\">+33 6 81 50 05 22\n(+ WhatsApp)<\/p>\t\t\t\t<\/div>\n\t\t\t\t<\/div>\n\t\t\t\t<\/div>\n\t\t<div class=\"elementor-element elementor-element-b666b97 e-con-full e-flex no no e-con e-child\" data-id=\"b666b97\" data-element_type=\"container\" data-e-type=\"container\">\n\t\t\t\t<div class=\"elementor-element elementor-element-84b6b83 elementor-widget elementor-widget-heading\" data-id=\"84b6b83\" data-element_type=\"widget\" data-e-type=\"widget\" data-widget_type=\"heading.default\">\n\t\t\t\t<div class=\"elementor-widget-container\">\n\t\t\t\t\t<h2 class=\"elementor-heading-title elementor-size-default\">Email:<\/h2>\t\t\t\t<\/div>\n\t\t\t\t<\/div>\n\t\t\t\t<div class=\"elementor-element elementor-element-bb4d5fd elementor-widget elementor-widget-heading\" data-id=\"bb4d5fd\" data-element_type=\"widget\" data-e-type=\"widget\" data-widget_type=\"heading.default\">\n\t\t\t\t<div class=\"elementor-widget-container\">\n\t\t\t\t\t<p class=\"elementor-heading-title elementor-size-default\">contact@laurinerobinn.xyz<\/p>\t\t\t\t<\/div>\n\t\t\t\t<\/div>\n\t\t\t\t<\/div>\n\t\t<div class=\"elementor-element elementor-element-61dfc51 e-con-full e-flex no no e-con e-child\" data-id=\"61dfc51\" data-element_type=\"container\" data-e-type=\"container\">\n\t\t\t\t<div class=\"elementor-element elementor-element-ebf3dce elementor-widget elementor-widget-heading\" data-id=\"ebf3dce\" data-element_type=\"widget\" data-e-type=\"widget\" data-widget_type=\"heading.default\">\n\t\t\t\t<div class=\"elementor-widget-container\">\n\t\t\t\t\t<h2 class=\"elementor-heading-title elementor-size-default\">Heures d'ouverture :<\/h2>\t\t\t\t<\/div>\n\t\t\t\t<\/div>\n\t\t\t\t<div class=\"elementor-element elementor-element-d539775 elementor-widget elementor-widget-heading\" data-id=\"d539775\" data-element_type=\"widget\" data-e-type=\"widget\" data-widget_type=\"heading.default\">\n\t\t\t\t<div class=\"elementor-widget-container\">\n\t\t\t\t\t<p class=\"elementor-heading-title elementor-size-default\">Lundi - Vendredi : 10h - 18h<br>\nSamedi - Dimanche : Ferm\u00e9<\/p>\t\t\t\t<\/div>\n\t\t\t\t<\/div>\n\t\t\t\t<\/div>\n\t\t<div class=\"elementor-element elementor-element-4bcaf88 e-con-full e-flex no no e-con e-child\" data-id=\"4bcaf88\" data-element_type=\"container\" data-e-type=\"container\">\n\t\t\t\t<div class=\"elementor-element elementor-element-9fa754a elementor-widget elementor-widget-heading\" data-id=\"9fa754a\" data-element_type=\"widget\" data-e-type=\"widget\" data-widget_type=\"heading.default\">\n\t\t\t\t<div class=\"elementor-widget-container\">\n\t\t\t\t\t<h2 class=\"elementor-heading-title elementor-size-default\">R\u00e9seaux sociaux :<\/h2>\t\t\t\t<\/div>\n\t\t\t\t<\/div>\n\t\t\t\t<div class=\"elementor-element elementor-element-b304a3d elementor-widget elementor-widget-ms-social-icons\" data-id=\"b304a3d\" data-element_type=\"widget\" data-e-type=\"widget\" data-widget_type=\"ms-social-icons.default\">\n\t\t\t\t<div class=\"elementor-widget-container\">\n\t\t\t\t\t        <div class=\"ms-s-w\">\r\n                    <a class=\"ms-s-i s-icon\" href=\"https:\/\/www.instagram.com\/laurinerobinn\/\" target=\"_blank\"><i class=\"fa-brands fa-instagram\"><\/i><\/a>\r\n                    <a class=\"ms-s-i s-icon\" href=\"https:\/\/www.facebook.com\/laurine.robinn\/\" target=\"_blank\"><i class=\"fa-brands fa-facebook-f\"><\/i><\/a>\r\n                    <a class=\"ms-s-i s-icon\" href=\"https:\/\/www.tiktok.com\/@laurinerobinn?_r=1&_t=ZN-95j42fKbCYo\" target=\"_blank\"><i class=\"fa-brands fa-tiktok\"><\/i><\/a>\r\n                    <a class=\"ms-s-i s-icon\" href=\"https:\/\/www.linkedin.com\/in\/laurine-r-56b531135\/\" target=\"_blank\"><i class=\"fa-brands fa-linkedin\"><\/i><\/a>\r\n                    <a class=\"ms-s-i s-icon\" href=\"https:\/\/www.behance.net\/laurinerobin\" target=\"_blank\"><i class=\"fa-brands fa-behance\"><\/i><\/a>\r\n                <\/div>\r\n    \t\t\t\t<\/div>\n\t\t\t\t<\/div>\n\t\t\t\t<\/div>\n\t\t\t\t<\/div>\n\t\t<div class=\"elementor-element elementor-element-3693c65 e-con-full e-flex no no e-con e-child\" data-id=\"3693c65\" data-element_type=\"container\" data-e-type=\"container\">\n\t\t\t\t<div class=\"elementor-element elementor-element-c6d2f65 elementor-widget-tablet__width-initial elementor-widget elementor-widget-heading\" data-id=\"c6d2f65\" data-element_type=\"widget\" data-e-type=\"widget\" data-widget_type=\"heading.default\">\n\t\t\t\t<div class=\"elementor-widget-container\">\n\t\t\t\t\t<h2 class=\"elementor-heading-title elementor-size-default\">Contactez-nous<\/h2>\t\t\t\t<\/div>\n\t\t\t\t<\/div>\n\t\t\t\t<div class=\"elementor-element elementor-element-55309e2 elementor-widget elementor-widget-text-editor\" data-id=\"55309e2\" data-element_type=\"widget\" data-e-type=\"widget\" data-widget_type=\"text-editor.default\">\n\t\t\t\t<div class=\"elementor-widget-container\">\n\t\t\t\t\t\t\t\t\t<p>Nous aimerions avoir de vos nouvelles ! Que vous ayez un projet en t\u00eate, que vous ayez besoin d'un devis ou que vous souhaitiez simplement dire bonjour, n'h\u00e9sitez pas \u00e0 nous contacter. Remplissez le formulaire ci-dessous ou utilisez nos coordonn\u00e9es pour nous contacter.<\/p>\t\t\t\t\t\t\t\t<\/div>\n\t\t\t\t<\/div>\n\t\t\t\t<div class=\"elementor-element elementor-element-4def2f7 elementor-widget elementor-widget-ms-contact-form-7\" data-id=\"4def2f7\" data-element_type=\"widget\" data-e-type=\"widget\" data-widget_type=\"ms-contact-form-7.default\">\n\t\t\t\t<div class=\"elementor-widget-container\">\n\t\t\t\t\t\r\n        <div class=\"ms-contact-form-7 left  style_1\">\r\n\r\n            \n<div class=\"wpcf7 no-js\" id=\"wpcf7-f54-o1\" lang=\"en-US\" dir=\"ltr\" data-wpcf7-id=\"54\">\n<div class=\"screen-reader-response\"><p role=\"status\" aria-live=\"polite\" aria-atomic=\"true\"><\/p> <ul><\/ul><\/div>\n<form action=\"\/fr\/wp-json\/wp\/v2\/pages\/4727#wpcf7-f54-o1\" method=\"post\" class=\"wpcf7-form init demo\" aria-label=\"Contact form\" novalidate=\"novalidate\" data-status=\"init\" data-trp-original-action=\"\/fr\/wp-json\/wp\/v2\/pages\/4727#wpcf7-f54-o1\">\n<fieldset class=\"hidden-fields-container\"><input type=\"hidden\" name=\"_wpcf7\" value=\"54\" \/><input type=\"hidden\" name=\"_wpcf7_version\" value=\"6.1.5\" \/><input type=\"hidden\" name=\"_wpcf7_locale\" value=\"en_US\" \/><input type=\"hidden\" name=\"_wpcf7_unit_tag\" value=\"wpcf7-f54-o1\" \/><input type=\"hidden\" name=\"_wpcf7_container_post\" value=\"0\" \/><input type=\"hidden\" name=\"_wpcf7_posted_data_hash\" value=\"\" \/>\n<\/fieldset>\n<div class=\"row\">\n<div class=\"form-group col-6\">\n    <span class=\"wpcf7-form-control-wrap\" data-name=\"your-name\"><input size=\"40\" maxlength=\"400\" class=\"wpcf7-form-control wpcf7-text wpcf7-validates-as-required form-control\" aria-required=\"true\" aria-invalid=\"false\" placeholder=\"Nom\" value=\"\" type=\"text\" name=\"your-name\" \/><\/span>\n<\/div>\n<div class=\"form-group col-6\">\n    <span class=\"wpcf7-form-control-wrap\" data-name=\"your-email\"><input size=\"40\" maxlength=\"400\" class=\"wpcf7-form-control wpcf7-email wpcf7-validates-as-required wpcf7-text wpcf7-validates-as-email form-control\" aria-required=\"true\" aria-invalid=\"false\" placeholder=\"Email\" value=\"\" type=\"email\" name=\"your-email\" \/><\/span>\n<\/div>\n<div class=\"form-group col-12\">\n    <span class=\"wpcf7-form-control-wrap\" data-name=\"your-subject\"><input size=\"40\" maxlength=\"400\" class=\"wpcf7-form-control wpcf7-text form-control\" aria-invalid=\"false\" placeholder=\"Objet\" value=\"\" type=\"text\" name=\"your-subject\" \/><\/span>\n<\/div>\n<div class=\"form-group col-12\">\n    <span class=\"wpcf7-form-control-wrap\" data-name=\"message\"><textarea cols=\"40\" rows=\"10\" maxlength=\"2000\" class=\"wpcf7-form-control wpcf7-textarea form-control\" aria-invalid=\"false\" placeholder=\"Message\" name=\"message\"><\/textarea><\/span>\n<\/div>\n\n<div class=\"ms-cf--bottom\">\n<div class=\"form-quiz\"><span class=\"wpcf7-form-control-wrap\" data-name=\"quiz-950\"><label><span class=\"wpcf7-quiz-label\">12+48=<\/span> <input size=\"40\" class=\"wpcf7-form-control wpcf7-quiz form-control\" autocomplete=\"off\" aria-required=\"true\" aria-invalid=\"false\" type=\"text\" name=\"quiz-950\" \/><\/label><input type=\"hidden\" name=\"_wpcf7_quiz_answer_quiz-950\" value=\"908b90f0695a92e3854717b7cceda32f\" \/><\/span><\/div>\n<div class=\"wpcf7-btn\"><input class=\"wpcf7-form-control wpcf7-submit has-spinner wpcf7-btn\" type=\"submit\" value=\"Send\" \/>\n<div class=\"btn-wrap\">\n<div class=\"f-btn-l\">\n<svg width=\"254\" height=\"392\" viewbox=\"0 0 254 392\" fill=\"none\" xmlns=\"http:\/\/www.w3.org\/2000\/svg\">\n<path d=\"M0 57.647C0 25.8095 25.8095 0 57.647 0C89.4846 0 115.294 25.8095 115.294 57.647C115.294 89.4846 89.4846 115.294 57.647 115.294C25.8095 115.294 0 89.4846 0 57.647Z\" fill=\"#121212\"\/>\n<path d=\"M138.353 196C138.353 164.163 164.163 138.353 196 138.353C227.838 138.353 253.647 164.163 253.647 196C253.647 227.838 227.838 253.647 196 253.647C164.163 253.647 138.353 227.838 138.353 196Z\" fill=\"#121212\"\/>\n<path d=\"M0 334.353C0 302.516 25.8095 276.706 57.647 276.706C89.4846 276.706 115.294 302.516 115.294 334.353C115.294 366.191 89.4846 392 57.647 392C25.8095 392 0 366.191 0 334.353Z\" fill=\"#121212\"\/>\n<\/svg>\n<\/div>\n<div class=\"f-btn-r\">\n<span>Send<\/span>\n<div class=\"btn-r_icon\">\n<svg width=\"254\" height=\"392\" viewbox=\"0 0 254 392\" fill=\"none\" xmlns=\"http:\/\/www.w3.org\/2000\/svg\">\n<path d=\"M0 57.647C0 25.8095 25.8095 0 57.647 0C89.4846 0 115.294 25.8095 115.294 57.647C115.294 89.4846 89.4846 115.294 57.647 115.294C25.8095 115.294 0 89.4846 0 57.647Z\" fill=\"#121212\"\/>\n<path d=\"M138.353 196C138.353 164.163 164.163 138.353 196 138.353C227.838 138.353 253.647 164.163 253.647 196C253.647 227.838 227.838 253.647 196 253.647C164.163 253.647 138.353 227.838 138.353 196Z\" fill=\"#121212\"\/>\n<path d=\"M0 334.353C0 302.516 25.8095 276.706 57.647 276.706C89.4846 276.706 115.294 302.516 115.294 334.353C115.294 366.191 89.4846 392 57.647 392C25.8095 392 0 366.191 0 334.353Z\" fill=\"#121212\"\/>\n<\/svg>\n<\/div>\n<\/div>\n<\/div><\/div><\/div>\n<\/div><div class=\"wpcf7-response-output\" aria-hidden=\"true\"><\/div>\n<input type=\"hidden\" name=\"trp-form-language\" value=\"fr\"\/><\/form>\n<\/div>\n\r\n        <\/div>\r\n\r\n        \t\t\t\t<\/div>\n\t\t\t\t<\/div>\n\t\t\t\t<\/div>\n\t\t\t\t\t<\/div>\n\t\t\t\t<\/div>\n\t\t<div class=\"elementor-element elementor-element-f6b88ab e-con-full e-flex no no e-con e-parent\" data-id=\"f6b88ab\" data-element_type=\"container\" data-e-type=\"container\" data-settings=\"{&quot;background_background&quot;:&quot;classic&quot;}\">\n\t\t<div class=\"elementor-element elementor-element-d9f02e8 e-con-full e-flex no no e-con e-child\" data-id=\"d9f02e8\" data-element_type=\"container\" data-e-type=\"container\" data-settings=\"{&quot;background_background&quot;:&quot;classic&quot;}\">\n\t\t<div class=\"elementor-element elementor-element-3b3364e e-con-full e-flex no no e-con e-child\" data-id=\"3b3364e\" data-element_type=\"container\" data-e-type=\"container\">\n\t\t\t\t<div class=\"elementor-element elementor-element-9e06658 elementor-widget elementor-widget-image\" data-id=\"9e06658\" data-element_type=\"widget\" data-e-type=\"widget\" data-widget_type=\"image.default\">\n\t\t\t\t<div class=\"elementor-widget-container\">\n\t\t\t\t\t\t\t\t\t\t\t\t\t\t\t<img decoding=\"async\" width=\"150\" height=\"150\" src=\"https:\/\/laurinerobinn.xyz\/wp-content\/uploads\/2025\/02\/logo_laurine_robinn_square-150x150.png\" class=\"attachment-thumbnail size-thumbnail wp-image-8335\" alt=\"\" srcset=\"https:\/\/laurinerobinn.xyz\/wp-content\/uploads\/2025\/02\/logo_laurine_robinn_square-150x150.png 150w, https:\/\/laurinerobinn.xyz\/wp-content\/uploads\/2025\/02\/logo_laurine_robinn_square-300x300.png 300w, https:\/\/laurinerobinn.xyz\/wp-content\/uploads\/2025\/02\/logo_laurine_robinn_square-1024x1024.png 1024w, https:\/\/laurinerobinn.xyz\/wp-content\/uploads\/2025\/02\/logo_laurine_robinn_square-768x768.png 768w, https:\/\/laurinerobinn.xyz\/wp-content\/uploads\/2025\/02\/logo_laurine_robinn_square-1536x1536.png 1536w, https:\/\/laurinerobinn.xyz\/wp-content\/uploads\/2025\/02\/logo_laurine_robinn_square-2048x2048.png 2048w, https:\/\/laurinerobinn.xyz\/wp-content\/uploads\/2025\/02\/logo_laurine_robinn_square-12x12.png 12w, https:\/\/laurinerobinn.xyz\/wp-content\/uploads\/2025\/02\/logo_laurine_robinn_square-1120x1120.png 1120w, https:\/\/laurinerobinn.xyz\/wp-content\/uploads\/2025\/02\/logo_laurine_robinn_square-420x420.png 420w, https:\/\/laurinerobinn.xyz\/wp-content\/uploads\/2025\/02\/logo_laurine_robinn_square-90x90.png 90w\" sizes=\"(max-width: 150px) 100vw, 150px\" \/>\t\t\t\t\t\t\t\t\t\t\t\t\t\t\t<\/div>\n\t\t\t\t<\/div>\n\t\t\t\t<\/div>\n\t\t<div class=\"elementor-element elementor-element-f46531f e-con-full e-flex no no e-con e-child\" data-id=\"f46531f\" data-element_type=\"container\" data-e-type=\"container\">\n\t\t\t\t<div class=\"elementor-element elementor-element-1e0f0f3 elementor-widget elementor-widget-heading\" data-id=\"1e0f0f3\" data-element_type=\"widget\" data-e-type=\"widget\" data-widget_type=\"heading.default\">\n\t\t\t\t<div class=\"elementor-widget-container\">\n\t\t\t\t\t<p class=\"elementor-heading-title elementor-size-default\">R\u00e9seaux sociaux<\/p>\t\t\t\t<\/div>\n\t\t\t\t<\/div>\n\t\t\t\t<div class=\"elementor-element elementor-element-27ad02e elementor-widget elementor-widget-ms-social-icons\" data-id=\"27ad02e\" data-element_type=\"widget\" data-e-type=\"widget\" data-widget_type=\"ms-social-icons.default\">\n\t\t\t\t<div class=\"elementor-widget-container\">\n\t\t\t\t\t        <div class=\"ms-s-w\">\r\n                    <a class=\"ms-s-i s-icon\" href=\"https:\/\/www.instagram.com\/laurinerobinn\/\" target=\"_blank\"><i class=\"fa-brands fa-instagram\"><\/i><\/a>\r\n                    <a class=\"ms-s-i s-icon\" href=\"https:\/\/www.facebook.com\/laurine.robinn\/\" target=\"_blank\"><i class=\"fa-brands fa-facebook-f\"><\/i><\/a>\r\n                    <a class=\"ms-s-i s-icon\" href=\"https:\/\/www.tiktok.com\/@laurinerobinn?_r=1&_t=ZN-95j42fKbCYo\" target=\"_blank\"><i class=\"fa-brands fa-tiktok\"><\/i><\/a>\r\n                    <a class=\"ms-s-i s-icon\" href=\"https:\/\/www.linkedin.com\/in\/laurine-r-56b531135\/\" target=\"_blank\"><i class=\"fa-brands fa-linkedin\"><\/i><\/a>\r\n                    <a class=\"ms-s-i s-icon\" href=\"https:\/\/www.behance.net\/laurinerobin\" target=\"_blank\"><i class=\"fa-brands fa-behance\"><\/i><\/a>\r\n                <\/div>\r\n    \t\t\t\t<\/div>\n\t\t\t\t<\/div>\n\t\t\t\t<\/div>\n\t\t<div class=\"elementor-element elementor-element-65aabd6 e-con-full e-flex no no e-con e-child\" data-id=\"65aabd6\" data-element_type=\"container\" data-e-type=\"container\">\n\t\t\t\t<div class=\"elementor-element elementor-element-b163f64 elementor-widget elementor-widget-heading\" data-id=\"b163f64\" data-element_type=\"widget\" data-e-type=\"widget\" data-widget_type=\"heading.default\">\n\t\t\t\t<div class=\"elementor-widget-container\">\n\t\t\t\t\t<p class=\"elementor-heading-title elementor-size-default\">Contact<\/p>\t\t\t\t<\/div>\n\t\t\t\t<\/div>\n\t\t\t\t<div class=\"elementor-element elementor-element-fc2fb2f elementor-widget elementor-widget-ms-simple-link\" data-id=\"fc2fb2f\" data-element_type=\"widget\" data-e-type=\"widget\" data-widget_type=\"ms-simple-link.default\">\n\t\t\t\t<div class=\"elementor-widget-container\">\n\t\t\t\t\t\r\n        <a class=\"ms-sl\" role=\"button\" data-transition=\"no\" data-style=\"no\" href=\"mailto:contact@laurinerobinn.xyz\" target=\"hidden-iframe\">\r\n\r\n            \r\n            contact@laurinerobinn.xyz\r\n            \r\n        <\/a>\r\n\r\n        \t\t\t\t<\/div>\n\t\t\t\t<\/div>\n\t\t\t\t<\/div>\n\t\t\t\t<\/div>\n\t\t<div class=\"elementor-element elementor-element-f021f68 e-con-full e-flex no no e-con e-child\" data-id=\"f021f68\" data-element_type=\"container\" data-e-type=\"container\" data-settings=\"{&quot;background_background&quot;:&quot;classic&quot;}\">\n\t\t\t\t<div class=\"elementor-element elementor-element-7972491 elementor-widget elementor-widget-ms_text_ticker\" data-id=\"7972491\" data-element_type=\"widget\" data-e-type=\"widget\" data-widget_type=\"ms_text_ticker.default\">\n\t\t\t\t<div class=\"elementor-widget-container\">\n\t\t\t\t\t        <div class=\"ms-text-ticker\" data-mask=\"\">\r\n            <div id=\"7972491\" class=\"ms-tt-wrap\" data-speed=\"1\" data-direction=\"left\" data-scroll=\"off\" data-hover=\"none\">\r\n                <div class=\"ms-tt-wrap\"> \r\n                                        <ul class=\"ms-tt\">\r\n\r\n                        \r\n                                                            <li class=\"ms-tt__text\">Design & Branding<\/li>\r\n                                                                    <li class=\"ms-tt__text img\"><img decoding=\"async\" src=\"https:\/\/theme.madsparrow.me\/osty\/wp-content\/uploads\/2025\/03\/fnk_star_1.svg\" alt=\"Ticker Image\"\/><\/li>\r\n                                                                                            <li class=\"ms-tt__text\">Cr\u00e9ation de logo<\/li>\r\n                                                                    <li class=\"ms-tt__text img\"><img decoding=\"async\" src=\"https:\/\/theme.madsparrow.me\/osty\/wp-content\/uploads\/2025\/03\/fnk_star_1.svg\" alt=\"Ticker Image\"\/><\/li>\r\n                                                                                            <li class=\"ms-tt__text\">Prototypes<\/li>\r\n                                                                    <li class=\"ms-tt__text img\"><img decoding=\"async\" src=\"https:\/\/theme.madsparrow.me\/osty\/wp-content\/uploads\/2025\/03\/fnk_star_1.svg\" alt=\"Ticker Image\"\/><\/li>\r\n                                                            \r\n                        \r\n                        \r\n                        \r\n                    <\/ul>\r\n                                        <ul class=\"ms-tt\">\r\n\r\n                        \r\n                                                            <li class=\"ms-tt__text\">Design & Branding<\/li>\r\n                                                                    <li class=\"ms-tt__text img\"><img decoding=\"async\" src=\"https:\/\/theme.madsparrow.me\/osty\/wp-content\/uploads\/2025\/03\/fnk_star_1.svg\" alt=\"Ticker Image\"\/><\/li>\r\n                                                                                            <li class=\"ms-tt__text\">Cr\u00e9ation de logo<\/li>\r\n                                                                    <li class=\"ms-tt__text img\"><img decoding=\"async\" src=\"https:\/\/theme.madsparrow.me\/osty\/wp-content\/uploads\/2025\/03\/fnk_star_1.svg\" alt=\"Ticker Image\"\/><\/li>\r\n                                                                                            <li class=\"ms-tt__text\">Prototypes<\/li>\r\n                                                                    <li class=\"ms-tt__text img\"><img decoding=\"async\" src=\"https:\/\/theme.madsparrow.me\/osty\/wp-content\/uploads\/2025\/03\/fnk_star_1.svg\" alt=\"Ticker Image\"\/><\/li>\r\n                                                            \r\n                        \r\n                        \r\n                        \r\n                    <\/ul>\r\n                                    <\/div>\r\n            <\/div>\r\n        <\/div>\r\n        \t\t\t\t<\/div>\n\t\t\t\t<\/div>\n\t\t\t\t<\/div>\n\t\t<div class=\"elementor-element elementor-element-4edc5aa e-con-full e-flex no no e-con e-child\" data-id=\"4edc5aa\" data-element_type=\"container\" data-e-type=\"container\" data-settings=\"{&quot;background_background&quot;:&quot;classic&quot;}\">\n\t\t<div class=\"elementor-element elementor-element-50c1455 e-con-full e-flex no no e-con e-child\" data-id=\"50c1455\" data-element_type=\"container\" data-e-type=\"container\">\n\t\t\t\t<div class=\"elementor-element elementor-element-4e2c500 elementor-widget elementor-widget-heading\" data-id=\"4e2c500\" data-element_type=\"widget\" data-e-type=\"widget\" data-widget_type=\"heading.default\">\n\t\t\t\t<div class=\"elementor-widget-container\">\n\t\t\t\t\t<h2 class=\"elementor-heading-title elementor-size-default\">\u00a92026 Laurine Robinn, Tous droits r\u00e9serv\u00e9s. <\/h2>\t\t\t\t<\/div>\n\t\t\t\t<\/div>\n\t\t\t\t<\/div>\n\t\t<div class=\"elementor-element elementor-element-e249efd e-con-full e-flex no no e-con e-child\" data-id=\"e249efd\" data-element_type=\"container\" data-e-type=\"container\">\n\t\t\t\t<div class=\"elementor-element elementor-element-983e979 elementor-widget-mobile__width-inherit elementor-widget elementor-widget-ms-simple-link\" data-id=\"983e979\" data-element_type=\"widget\" data-e-type=\"widget\" data-widget_type=\"ms-simple-link.default\">\n\t\t\t\t<div class=\"elementor-widget-container\">\n\t\t\t\t\t\r\n        <a class=\"ms-sl\" role=\"button\" data-transition=\"no\" data-style=\"no\" href=\"https:\/\/laurinerobinn.xyz\/accessibility\/\" target=\"hidden-iframe\">\r\n\r\n            \r\n            Accessibilit\u00e9\r\n            \r\n        <\/a>\r\n\r\n        \t\t\t\t<\/div>\n\t\t\t\t<\/div>\n\t\t\t\t<\/div>\n\t\t\t\t<div class=\"elementor-element elementor-element-1e1f467 elementor-widget elementor-widget-ms-simple-link\" data-id=\"1e1f467\" data-element_type=\"widget\" data-e-type=\"widget\" data-widget_type=\"ms-simple-link.default\">\n\t\t\t\t<div class=\"elementor-widget-container\">\n\t\t\t\t\t\r\n        <a class=\"ms-sl\" role=\"button\" data-transition=\"no\" data-style=\"no\" href=\"https:\/\/laurinerobinn.xyz\/privacy-policy-2\/\" target=\"hidden-iframe\">\r\n\r\n            \r\n            Politique de confidentialit\u00e9\r\n            \r\n        <\/a>\r\n\r\n        \t\t\t\t<\/div>\n\t\t\t\t<\/div>\n\t\t\t\t<div class=\"elementor-element elementor-element-b7f47b3 elementor-widget elementor-widget-ms-simple-link\" data-id=\"b7f47b3\" data-element_type=\"widget\" data-e-type=\"widget\" data-widget_type=\"ms-simple-link.default\">\n\t\t\t\t<div class=\"elementor-widget-container\">\n\t\t\t\t\t\r\n        <a class=\"ms-sl\" role=\"button\" data-transition=\"no\" data-style=\"no\" href=\"https:\/\/laurinerobinn.xyz\/general-terms-and-conditions\/\" target=\"hidden-iframe\">\r\n\r\n            \r\n            Conditions g\u00e9n\u00e9rales de ventes\r\n            \r\n        <\/a>\r\n\r\n        \t\t\t\t<\/div>\n\t\t\t\t<\/div>\n\t\t\t\t<\/div>\n\t\t\t\t<\/div>\n\t\t\t\t<\/div>","protected":false},"excerpt":{"rendered":"<p>Address: Bordeaux (France) &#038; Bangkok (Tha\u00efland) Phone: +33 6 81 50 05 22 (+ WhatsApp) Email: contact@laurinerobinn.xyz Business Hours: Monday \u2013 Friday: 10 AM [&hellip;]<\/p>\n","protected":false},"author":1,"featured_media":0,"parent":0,"menu_order":0,"comment_status":"closed","ping_status":"closed","template":"page-custom.php","meta":{"_acf_changed":false,"footnotes":""},"class_list":["post-4727","page","type-page","status-publish","hentry"],"acf":{"choi\u0441e_menu_page":"global_settings","full_width":false,"header_transparent":false,"header_white":false,"menu_align_page":"default","menu_style":""},"_links":{"self":[{"href":"https:\/\/laurinerobinn.xyz\/fr\/wp-json\/wp\/v2\/pages\/4727","targetHints":{"allow":["GET"]}}],"collection":[{"href":"https:\/\/laurinerobinn.xyz\/fr\/wp-json\/wp\/v2\/pages"}],"about":[{"href":"https:\/\/laurinerobinn.xyz\/fr\/wp-json\/wp\/v2\/types\/page"}],"author":[{"embeddable":true,"href":"https:\/\/laurinerobinn.xyz\/fr\/wp-json\/wp\/v2\/users\/1"}],"replies":[{"embeddable":true,"href":"https:\/\/laurinerobinn.xyz\/fr\/wp-json\/wp\/v2\/comments?post=4727"}],"version-history":[{"count":10,"href":"https:\/\/laurinerobinn.xyz\/fr\/wp-json\/wp\/v2\/pages\/4727\/revisions"}],"predecessor-version":[{"id":8477,"href":"https:\/\/laurinerobinn.xyz\/fr\/wp-json\/wp\/v2\/pages\/4727\/revisions\/8477"}],"wp:attachment":[{"href":"https:\/\/laurinerobinn.xyz\/fr\/wp-json\/wp\/v2\/media?parent=4727"}],"curies":[{"name":"wp","href":"https:\/\/api.w.org\/{rel}","templated":true}]}}