{"id":8248,"date":"2026-04-22T19:42:28","date_gmt":"2026-04-22T19:42:28","guid":{"rendered":"https:\/\/laurinerobinn.xyz\/?page_id=8248"},"modified":"2026-04-29T14:22:51","modified_gmt":"2026-04-29T14:22:51","slug":"accessibility","status":"publish","type":"page","link":"https:\/\/laurinerobinn.xyz\/fr\/accessibility\/","title":{"rendered":"Accessibilit\u00e9"},"content":{"rendered":"<div data-elementor-type=\"wp-page\" data-elementor-id=\"8248\" class=\"elementor elementor-8248\">\n\t\t\t\t<div class=\"elementor-element elementor-element-6e1243a e-flex e-con-boxed no no e-con e-parent\" data-id=\"6e1243a\" data-element_type=\"container\" data-e-type=\"container\">\n\t\t\t\t\t<div class=\"e-con-inner\">\n\t\t\t\t<div class=\"elementor-element elementor-element-9a48318 elementor-widget elementor-widget-heading\" data-id=\"9a48318\" data-element_type=\"widget\" data-e-type=\"widget\" data-widget_type=\"heading.default\">\n\t\t\t\t<div class=\"elementor-widget-container\">\n\t\t\t\t\t<h1 class=\"elementor-heading-title elementor-size-default\">Accessibilit\u00e9<\/h1>\t\t\t\t<\/div>\n\t\t\t\t<\/div>\n\t\t\t\t\t<\/div>\n\t\t\t\t<\/div>\n\t\t<div class=\"elementor-element elementor-element-7c0aa7d e-flex e-con-boxed no no e-con e-parent\" data-id=\"7c0aa7d\" data-element_type=\"container\" data-e-type=\"container\">\n\t\t\t\t\t<div class=\"e-con-inner\">\n\t\t\t\t<div class=\"elementor-element elementor-element-dc7b66c elementor-widget-divider--view-line elementor-widget elementor-widget-divider\" data-id=\"dc7b66c\" data-element_type=\"widget\" data-e-type=\"widget\" data-widget_type=\"divider.default\">\n\t\t\t\t<div class=\"elementor-widget-container\">\n\t\t\t\t\t\t\t<div class=\"elementor-divider\">\n\t\t\t<span class=\"elementor-divider-separator\">\n\t\t\t\t\t\t<\/span>\n\t\t<\/div>\n\t\t\t\t\t\t<\/div>\n\t\t\t\t<\/div>\n\t\t\t\t\t<\/div>\n\t\t\t\t<\/div>\n\t\t<div class=\"elementor-element elementor-element-e1dfdae e-flex e-con-boxed no no e-con e-parent\" data-id=\"e1dfdae\" data-element_type=\"container\" data-e-type=\"container\">\n\t\t\t\t\t<div class=\"e-con-inner\">\n\t\t\t\t<div class=\"elementor-element elementor-element-e8f7c52 elementor-widget elementor-widget-text-editor\" data-id=\"e8f7c52\" data-element_type=\"widget\" data-e-type=\"widget\" data-widget_type=\"text-editor.default\">\n\t\t\t\t<div class=\"elementor-widget-container\">\n\t\t\t\t\t\t\t\t\t<h3><strong>1. D\u00e9claration d\u2019accessibilit\u00e9<\/strong><\/h3><p><span style=\"font-size: 16px;\">Notre site web est en conformit\u00e9 partielle avec le RGAA (R\u00e9f\u00e9rentiel G\u00e9n\u00e9ral d\u2019Am\u00e9lioration de l\u2019Accessibilit\u00e9), niveau AA.<\/span><\/p><p>\u00a0<\/p><h3><strong>2. \u00c9tat de conformit\u00e9<\/strong><\/h3><ul><li><p class=\"ds-markdown-paragraph\"><strong>Partiellement conforme<\/strong> ( 7.7 \/ 10 )<\/p><\/li><\/ul><h3>\u00a0<\/h3><h3><strong>3. Date de l\u2019audit ou de la derni\u00e8re mise \u00e0 jour<\/strong><\/h3><p><span style=\"font-size: 16px;\">Derni\u00e8re \u00e9valuation r\u00e9alis\u00e9e le 22\/04\/2026.<\/span><\/p><h3>\u00a0<\/h3><h3><strong>4. Technologies utilis\u00e9es<\/strong><\/h3><p><span style=\"font-size: 16px;\">HTML5, CSS3, JavaScript, jQuery, PHP, MySQL, WordPress core, th\u00e8mes et extensions personnalis\u00e9s.<\/span><\/p><h3>\u00a0<\/h3><h3><strong>5. Contenus non accessibles et alternatives<\/strong><\/h3><ul><li><p class=\"ds-markdown-paragraph\">Les points d\u2019\u00e9chec connus :\u00a0<\/p><\/li><li><p class=\"ds-markdown-paragraph\">Les solutions de contournement propos\u00e9es : Bouton en haut \u00e0 droite pour voir sur fond clair ou fond fonc\u00e9,\u2026<\/p><\/li><\/ul><h3>\u00a0<\/h3><h3><strong>6. Dispositif d\u2019assistance et de recours<\/strong><\/h3><h3><strong style=\"font-size: 16px;\">Voie de contact privil\u00e9gi\u00e9e :<\/strong><\/h3><ul><li><p class=\"ds-markdown-paragraph\">T\u00e9l\u00e9phone : +33681500522<\/p><\/li><li><p class=\"ds-markdown-paragraph\">Email : contact@laurinerobinn.xyz<\/p><\/li><li><p class=\"ds-markdown-paragraph\">Formulaire de contact : <a href=\"https:\/\/laurinerobinn.xyz\/contact-2\/\">https:\/\/laurinerobinn.xyz\/contact\/<\/a><\/p><\/li><\/ul><p class=\"ds-markdown-paragraph\"><strong>D\u00e9lai de r\u00e9ponse annonc\u00e9 :<\/strong> sous 2 jours ouvr\u00e9s.<\/p><p class=\"ds-markdown-paragraph\"><strong>Voie de recours (si insatisfait) :<\/strong><\/p><ol start=\"1\"><li><p class=\"ds-markdown-paragraph\">Contacter le D\u00e9fenseur des droits<\/p><\/li><li><p class=\"ds-markdown-paragraph\">Site : <a href=\"https:\/\/defenseurdesdroits.fr\/\" target=\"_blank\" rel=\"noopener noreferrer\">defenseurdesdroits.fr<\/a><\/p><\/li><li><p class=\"ds-markdown-paragraph\">Ou formulaire en ligne d\u00e9di\u00e9<\/p><\/li><\/ol>\t\t\t\t\t\t\t\t<\/div>\n\t\t\t\t<\/div>\n\t\t\t\t<div class=\"elementor-element elementor-element-a337e81 elementor-widget elementor-widget-text-editor\" data-id=\"a337e81\" data-element_type=\"widget\" data-e-type=\"widget\" data-widget_type=\"text-editor.default\">\n\t\t\t\t<div class=\"elementor-widget-container\">\n\t\t\t\t\t\t\t\t\t<h3><strong>Traduction<\/strong><\/h3><p>Grandir et \u00e9voluer avec une identit\u00e9 qui vous correspond<\/p><p>Projets<\/p><p>Donnez vie \u00e0 votre vision avec des cr\u00e9ations visuelles personnalis\u00e9es qui captivent et inspirent, quel que soit votre domaine d'activit\u00e9.<\/p>\t\t\t\t\t\t\t\t<\/div>\n\t\t\t\t<\/div>\n\t\t\t\t\t<\/div>\n\t\t\t\t<\/div>\n\t\t<div class=\"elementor-element elementor-element-6ae25d9 e-con-full e-flex no no e-con e-parent\" data-id=\"6ae25d9\" data-element_type=\"container\" data-e-type=\"container\" data-settings=\"{&quot;background_background&quot;:&quot;classic&quot;}\">\n\t\t<div class=\"elementor-element elementor-element-dfe8638 e-con-full e-flex no no e-con e-child\" data-id=\"dfe8638\" data-element_type=\"container\" data-e-type=\"container\" data-settings=\"{&quot;background_background&quot;:&quot;classic&quot;}\">\n\t\t<div class=\"elementor-element elementor-element-67b3d49 e-con-full e-flex no no e-con e-child\" data-id=\"67b3d49\" data-element_type=\"container\" data-e-type=\"container\">\n\t\t\t\t<div class=\"elementor-element elementor-element-4196f27 elementor-widget elementor-widget-image\" data-id=\"4196f27\" data-element_type=\"widget\" data-e-type=\"widget\" data-widget_type=\"image.default\">\n\t\t\t\t<div class=\"elementor-widget-container\">\n\t\t\t\t\t\t\t\t\t\t\t\t\t\t\t<img decoding=\"async\" width=\"150\" height=\"150\" src=\"https:\/\/laurinerobinn.xyz\/wp-content\/uploads\/2025\/02\/logo_laurine_robinn_square-150x150.png\" class=\"attachment-thumbnail size-thumbnail wp-image-8335\" alt=\"\" srcset=\"https:\/\/laurinerobinn.xyz\/wp-content\/uploads\/2025\/02\/logo_laurine_robinn_square-150x150.png 150w, https:\/\/laurinerobinn.xyz\/wp-content\/uploads\/2025\/02\/logo_laurine_robinn_square-300x300.png 300w, https:\/\/laurinerobinn.xyz\/wp-content\/uploads\/2025\/02\/logo_laurine_robinn_square-1024x1024.png 1024w, https:\/\/laurinerobinn.xyz\/wp-content\/uploads\/2025\/02\/logo_laurine_robinn_square-768x768.png 768w, https:\/\/laurinerobinn.xyz\/wp-content\/uploads\/2025\/02\/logo_laurine_robinn_square-1536x1536.png 1536w, https:\/\/laurinerobinn.xyz\/wp-content\/uploads\/2025\/02\/logo_laurine_robinn_square-2048x2048.png 2048w, https:\/\/laurinerobinn.xyz\/wp-content\/uploads\/2025\/02\/logo_laurine_robinn_square-12x12.png 12w, https:\/\/laurinerobinn.xyz\/wp-content\/uploads\/2025\/02\/logo_laurine_robinn_square-1120x1120.png 1120w, https:\/\/laurinerobinn.xyz\/wp-content\/uploads\/2025\/02\/logo_laurine_robinn_square-420x420.png 420w, https:\/\/laurinerobinn.xyz\/wp-content\/uploads\/2025\/02\/logo_laurine_robinn_square-90x90.png 90w\" sizes=\"(max-width: 150px) 100vw, 150px\" \/>\t\t\t\t\t\t\t\t\t\t\t\t\t\t\t<\/div>\n\t\t\t\t<\/div>\n\t\t\t\t<\/div>\n\t\t<div class=\"elementor-element elementor-element-0a8f0e8 e-con-full e-flex no no e-con e-child\" data-id=\"0a8f0e8\" data-element_type=\"container\" data-e-type=\"container\">\n\t\t\t\t<div class=\"elementor-element elementor-element-020ea04 elementor-widget elementor-widget-heading\" data-id=\"020ea04\" data-element_type=\"widget\" data-e-type=\"widget\" data-widget_type=\"heading.default\">\n\t\t\t\t<div class=\"elementor-widget-container\">\n\t\t\t\t\t<p class=\"elementor-heading-title elementor-size-default\">R\u00e9seaux sociaux<\/p>\t\t\t\t<\/div>\n\t\t\t\t<\/div>\n\t\t\t\t<div class=\"elementor-element elementor-element-3b31345 elementor-widget elementor-widget-ms-social-icons\" data-id=\"3b31345\" data-element_type=\"widget\" data-e-type=\"widget\" data-widget_type=\"ms-social-icons.default\">\n\t\t\t\t<div class=\"elementor-widget-container\">\n\t\t\t\t\t        <div class=\"ms-s-w\">\r\n                    <a class=\"ms-s-i s-icon\" href=\"https:\/\/www.instagram.com\/laurinerobinn\/\" target=\"_blank\"><i class=\"fa-brands fa-instagram\"><\/i><\/a>\r\n                    <a class=\"ms-s-i s-icon\" href=\"https:\/\/www.facebook.com\/laurine.robinn\/\" target=\"_blank\"><i class=\"fa-brands fa-facebook-f\"><\/i><\/a>\r\n                    <a class=\"ms-s-i s-icon\" href=\"https:\/\/www.tiktok.com\/@laurinerobinn?_r=1&_t=ZN-95j42fKbCYo\" target=\"_blank\"><i class=\"fa-brands fa-tiktok\"><\/i><\/a>\r\n                    <a class=\"ms-s-i s-icon\" href=\"https:\/\/www.linkedin.com\/in\/laurine-r-56b531135\/\" target=\"_blank\"><i class=\"fa-brands fa-linkedin\"><\/i><\/a>\r\n                    <a class=\"ms-s-i s-icon\" href=\"https:\/\/www.behance.net\/laurinerobin\" target=\"_blank\"><i class=\"fa-brands fa-behance\"><\/i><\/a>\r\n                <\/div>\r\n    \t\t\t\t<\/div>\n\t\t\t\t<\/div>\n\t\t\t\t<\/div>\n\t\t<div class=\"elementor-element elementor-element-0b2794c e-con-full e-flex no no e-con e-child\" data-id=\"0b2794c\" data-element_type=\"container\" data-e-type=\"container\">\n\t\t\t\t<div class=\"elementor-element elementor-element-7b737e5 elementor-widget elementor-widget-heading\" data-id=\"7b737e5\" data-element_type=\"widget\" data-e-type=\"widget\" data-widget_type=\"heading.default\">\n\t\t\t\t<div class=\"elementor-widget-container\">\n\t\t\t\t\t<p class=\"elementor-heading-title elementor-size-default\">Contact<\/p>\t\t\t\t<\/div>\n\t\t\t\t<\/div>\n\t\t\t\t<div class=\"elementor-element elementor-element-0721f01 elementor-widget elementor-widget-ms-simple-link\" data-id=\"0721f01\" data-element_type=\"widget\" data-e-type=\"widget\" data-widget_type=\"ms-simple-link.default\">\n\t\t\t\t<div class=\"elementor-widget-container\">\n\t\t\t\t\t\r\n        <a class=\"ms-sl\" role=\"button\" data-transition=\"no\" data-style=\"no\" href=\"mailto:contact@laurinerobinn.xyz\" target=\"hidden-iframe\">\r\n\r\n            \r\n            contact@laurinerobinn.xyz\r\n            \r\n        <\/a>\r\n\r\n        \t\t\t\t<\/div>\n\t\t\t\t<\/div>\n\t\t\t\t<\/div>\n\t\t\t\t<\/div>\n\t\t<div class=\"elementor-element elementor-element-58d64ba e-con-full e-flex no no e-con e-child\" data-id=\"58d64ba\" data-element_type=\"container\" data-e-type=\"container\" data-settings=\"{&quot;background_background&quot;:&quot;classic&quot;}\">\n\t\t\t\t<div class=\"elementor-element elementor-element-5be74ae elementor-widget elementor-widget-ms_text_ticker\" data-id=\"5be74ae\" data-element_type=\"widget\" data-e-type=\"widget\" data-widget_type=\"ms_text_ticker.default\">\n\t\t\t\t<div class=\"elementor-widget-container\">\n\t\t\t\t\t        <div class=\"ms-text-ticker\" data-mask=\"\">\r\n            <div id=\"5be74ae\" class=\"ms-tt-wrap\" data-speed=\"1\" data-direction=\"left\" data-scroll=\"off\" data-hover=\"none\">\r\n                <div class=\"ms-tt-wrap\"> \r\n                                        <ul class=\"ms-tt\">\r\n\r\n                        \r\n                                                            <li class=\"ms-tt__text\">Design & Branding<\/li>\r\n                                                                    <li class=\"ms-tt__text img\"><img decoding=\"async\" src=\"https:\/\/theme.madsparrow.me\/osty\/wp-content\/uploads\/2025\/03\/fnk_star_1.svg\" alt=\"Ticker Image\"\/><\/li>\r\n                                                                                            <li class=\"ms-tt__text\">Cr\u00e9ation de logo<\/li>\r\n                                                                    <li class=\"ms-tt__text img\"><img decoding=\"async\" src=\"https:\/\/theme.madsparrow.me\/osty\/wp-content\/uploads\/2025\/03\/fnk_star_1.svg\" alt=\"Ticker Image\"\/><\/li>\r\n                                                                                            <li class=\"ms-tt__text\">Prototypes<\/li>\r\n                                                                    <li class=\"ms-tt__text img\"><img decoding=\"async\" src=\"https:\/\/theme.madsparrow.me\/osty\/wp-content\/uploads\/2025\/03\/fnk_star_1.svg\" alt=\"Ticker Image\"\/><\/li>\r\n                                                            \r\n                        \r\n                        \r\n                        \r\n                    <\/ul>\r\n                                        <ul class=\"ms-tt\">\r\n\r\n                        \r\n                                                            <li class=\"ms-tt__text\">Design & Branding<\/li>\r\n                                                                    <li class=\"ms-tt__text img\"><img decoding=\"async\" src=\"https:\/\/theme.madsparrow.me\/osty\/wp-content\/uploads\/2025\/03\/fnk_star_1.svg\" alt=\"Ticker Image\"\/><\/li>\r\n                                                                                            <li class=\"ms-tt__text\">Cr\u00e9ation de logo<\/li>\r\n                                                                    <li class=\"ms-tt__text img\"><img decoding=\"async\" src=\"https:\/\/theme.madsparrow.me\/osty\/wp-content\/uploads\/2025\/03\/fnk_star_1.svg\" alt=\"Ticker Image\"\/><\/li>\r\n                                                                                            <li class=\"ms-tt__text\">Prototypes<\/li>\r\n                                                                    <li class=\"ms-tt__text img\"><img decoding=\"async\" src=\"https:\/\/theme.madsparrow.me\/osty\/wp-content\/uploads\/2025\/03\/fnk_star_1.svg\" alt=\"Ticker Image\"\/><\/li>\r\n                                                            \r\n                        \r\n                        \r\n                        \r\n                    <\/ul>\r\n                                    <\/div>\r\n            <\/div>\r\n        <\/div>\r\n        \t\t\t\t<\/div>\n\t\t\t\t<\/div>\n\t\t\t\t<\/div>\n\t\t<div class=\"elementor-element elementor-element-d5dd8fc e-con-full e-flex no no e-con e-child\" data-id=\"d5dd8fc\" data-element_type=\"container\" data-e-type=\"container\" data-settings=\"{&quot;background_background&quot;:&quot;classic&quot;}\">\n\t\t<div class=\"elementor-element elementor-element-294a45e e-con-full e-flex no no e-con e-child\" data-id=\"294a45e\" data-element_type=\"container\" data-e-type=\"container\">\n\t\t\t\t<div class=\"elementor-element elementor-element-3c7bd39 elementor-widget elementor-widget-heading\" data-id=\"3c7bd39\" data-element_type=\"widget\" data-e-type=\"widget\" data-widget_type=\"heading.default\">\n\t\t\t\t<div class=\"elementor-widget-container\">\n\t\t\t\t\t<h2 class=\"elementor-heading-title elementor-size-default\">\u00a92026 Laurine Robinn, Tous droits r\u00e9serv\u00e9s. <\/h2>\t\t\t\t<\/div>\n\t\t\t\t<\/div>\n\t\t\t\t<\/div>\n\t\t<div class=\"elementor-element elementor-element-29739df e-con-full e-flex no no e-con e-child\" data-id=\"29739df\" data-element_type=\"container\" data-e-type=\"container\">\n\t\t\t\t<div class=\"elementor-element elementor-element-d2eb8c7 elementor-widget-mobile__width-inherit elementor-widget elementor-widget-ms-simple-link\" data-id=\"d2eb8c7\" data-element_type=\"widget\" data-e-type=\"widget\" data-widget_type=\"ms-simple-link.default\">\n\t\t\t\t<div class=\"elementor-widget-container\">\n\t\t\t\t\t\r\n        <a class=\"ms-sl\" role=\"button\" data-transition=\"no\" data-style=\"no\" href=\"https:\/\/laurinerobinn.xyz\/accessibility\/\" target=\"hidden-iframe\">\r\n\r\n            \r\n            Accessibilit\u00e9\r\n            \r\n        <\/a>\r\n\r\n        \t\t\t\t<\/div>\n\t\t\t\t<\/div>\n\t\t\t\t<\/div>\n\t\t\t\t<div class=\"elementor-element elementor-element-aed40a7 elementor-widget elementor-widget-ms-simple-link\" data-id=\"aed40a7\" data-element_type=\"widget\" data-e-type=\"widget\" data-widget_type=\"ms-simple-link.default\">\n\t\t\t\t<div class=\"elementor-widget-container\">\n\t\t\t\t\t\r\n        <a class=\"ms-sl\" role=\"button\" data-transition=\"no\" data-style=\"no\" href=\"https:\/\/laurinerobinn.xyz\/privacy-policy-2\/\" target=\"hidden-iframe\">\r\n\r\n            \r\n            Politique de confidentialit\u00e9\r\n            \r\n        <\/a>\r\n\r\n        \t\t\t\t<\/div>\n\t\t\t\t<\/div>\n\t\t\t\t<div class=\"elementor-element elementor-element-a868cde elementor-widget elementor-widget-ms-simple-link\" data-id=\"a868cde\" data-element_type=\"widget\" data-e-type=\"widget\" data-widget_type=\"ms-simple-link.default\">\n\t\t\t\t<div class=\"elementor-widget-container\">\n\t\t\t\t\t\r\n        <a class=\"ms-sl\" role=\"button\" data-transition=\"no\" data-style=\"no\" href=\"https:\/\/laurinerobinn.xyz\/general-terms-and-conditions\/\" target=\"hidden-iframe\">\r\n\r\n            \r\n            Conditions g\u00e9n\u00e9rales de ventes\r\n            \r\n        <\/a>\r\n\r\n        \t\t\t\t<\/div>\n\t\t\t\t<\/div>\n\t\t\t\t<\/div>\n\t\t\t\t<\/div>\n\t\t\t\t<\/div>","protected":false},"excerpt":{"rendered":"<p>Accessibility 1. D\u00e9claration d\u2019accessibilit\u00e9 Notre site web est en conformit\u00e9 partielle avec le RGAA (R\u00e9f\u00e9rentiel G\u00e9n\u00e9ral d\u2019Am\u00e9lioration de l\u2019Accessibilit\u00e9), niveau AA. \u00a0 2. \u00c9tat [&hellip;]<\/p>\n","protected":false},"author":1,"featured_media":0,"parent":0,"menu_order":0,"comment_status":"closed","ping_status":"closed","template":"page-custom.php","meta":{"_acf_changed":false,"footnotes":""},"class_list":["post-8248","page","type-page","status-publish","hentry"],"acf":{"choi\u0441e_menu_page":"global_settings","full_width":false,"header_transparent":false,"header_white":false,"menu_align_page":"default","menu_style":""},"_links":{"self":[{"href":"https:\/\/laurinerobinn.xyz\/fr\/wp-json\/wp\/v2\/pages\/8248","targetHints":{"allow":["GET"]}}],"collection":[{"href":"https:\/\/laurinerobinn.xyz\/fr\/wp-json\/wp\/v2\/pages"}],"about":[{"href":"https:\/\/laurinerobinn.xyz\/fr\/wp-json\/wp\/v2\/types\/page"}],"author":[{"embeddable":true,"href":"https:\/\/laurinerobinn.xyz\/fr\/wp-json\/wp\/v2\/users\/1"}],"replies":[{"embeddable":true,"href":"https:\/\/laurinerobinn.xyz\/fr\/wp-json\/wp\/v2\/comments?post=8248"}],"version-history":[{"count":28,"href":"https:\/\/laurinerobinn.xyz\/fr\/wp-json\/wp\/v2\/pages\/8248\/revisions"}],"predecessor-version":[{"id":8597,"href":"https:\/\/laurinerobinn.xyz\/fr\/wp-json\/wp\/v2\/pages\/8248\/revisions\/8597"}],"wp:attachment":[{"href":"https:\/\/laurinerobinn.xyz\/fr\/wp-json\/wp\/v2\/media?parent=8248"}],"curies":[{"name":"wp","href":"https:\/\/api.w.org\/{rel}","templated":true}]}}